{"id":29,"date":"2018-03-27T13:33:13","date_gmt":"2018-03-27T13:33:13","guid":{"rendered":"http:\/\/localhost\/wiretech\/?page_id=29"},"modified":"2021-04-09T09:15:34","modified_gmt":"2021-04-09T09:15:34","slug":"societe","status":"publish","type":"page","link":"https:\/\/ancien.wiretech.ch\/fr\/societe\/","title":{"rendered":"Soci\u00e9t\u00e9"},"content":{"rendered":"<p><strong>WireTech Machinery SA<\/strong> est une soci\u00e9t\u00e9 anonyme, filiale de Cabeltec SA active depuis 1978 dans le domaine de la c\u00e2blerie et la m\u00e9tallurgie. Elle est situ\u00e9e \u00e0 Morges, pr\u00e8s de Lausanne en Suisse au c\u0153ur de l&rsquo;Europe.<\/p>\n<p>WireTech Machinery SA a \u00e9t\u00e9 cr\u00e9\u00e9e pour proposer des solutions innovantes destin\u00e9es aux industries horlog\u00e8re, m\u00e9dicale, \u00e9lectronique et m\u00e9tallurgique.<\/p>\n<p>Une \u00e9quipe d&rsquo;ing\u00e9nieurs et de techniciens qualifi\u00e9s est \u00e0 disposition de nos clients, avec nos partenaires fabricants, pour \u00e9tudier les solutions techniques les mieux adapt\u00e9es \u00e0 leurs besoins et \u00e0 leur budget.<\/p>\n<p>Nos r\u00e9f\u00e9rences dans les industries du fil et du c\u00e2ble, sont la garantie et la p\u00e9rennit\u00e9 de nos services.<\/p>\n\n\n<figure class=\"wp-block-image size-large is-resized\"><img loading=\"lazy\" src=\"https:\/\/ancien.wiretech.ch\/wp-content\/uploads\/2018\/03\/SG_Office.jpg\" alt=\"\" width=\"306\" height=\"229\"\/><\/figure>\n\n\n\n<p><\/p>","protected":false},"excerpt":{"rendered":"<p>WireTech Machinery SA est une soci\u00e9t\u00e9 anonyme, filiale de Cabeltec SA active depuis 1978 dans le domaine de la c\u00e2blerie et la m\u00e9tallurgie. Elle est situ\u00e9e \u00e0 Morges, pr\u00e8s de Lausanne en Suisse au c\u0153ur de l&rsquo;Europe. WireTech Machinery SA a \u00e9t\u00e9 cr\u00e9\u00e9e pour proposer des solutions innovantes destin\u00e9es aux industries horlog\u00e8re, m\u00e9dicale, \u00e9lectronique et &hellip; <\/p>\n<p class=\"link-more\"><a href=\"https:\/\/ancien.wiretech.ch\/fr\/societe\/\" class=\"more-link\">Continuer la lecture<span class=\"screen-reader-text\"> de &laquo;&nbsp;Soci\u00e9t\u00e9&nbsp;&raquo;<\/span><\/a><\/p>\n","protected":false},"author":1,"featured_media":0,"parent":0,"menu_order":0,"comment_status":"closed","ping_status":"closed","template":"","meta":[],"_links":{"self":[{"href":"https:\/\/ancien.wiretech.ch\/fr\/wp-json\/wp\/v2\/pages\/29"}],"collection":[{"href":"https:\/\/ancien.wiretech.ch\/fr\/wp-json\/wp\/v2\/pages"}],"about":[{"href":"https:\/\/ancien.wiretech.ch\/fr\/wp-json\/wp\/v2\/types\/page"}],"author":[{"embeddable":true,"href":"https:\/\/ancien.wiretech.ch\/fr\/wp-json\/wp\/v2\/users\/1"}],"replies":[{"embeddable":true,"href":"https:\/\/ancien.wiretech.ch\/fr\/wp-json\/wp\/v2\/comments?post=29"}],"version-history":[{"count":16,"href":"https:\/\/ancien.wiretech.ch\/fr\/wp-json\/wp\/v2\/pages\/29\/revisions"}],"predecessor-version":[{"id":294,"href":"https:\/\/ancien.wiretech.ch\/fr\/wp-json\/wp\/v2\/pages\/29\/revisions\/294"}],"wp:attachment":[{"href":"https:\/\/ancien.wiretech.ch\/fr\/wp-json\/wp\/v2\/media?parent=29"}],"curies":[{"name":"wp","href":"https:\/\/api.w.org\/{rel}","templated":true}]}}